{"id":1555,"date":"2020-08-19T20:00:20","date_gmt":"2020-08-19T20:00:20","guid":{"rendered":"https:\/\/lacandelariaproducts.com\/?page_id=1555"},"modified":"2020-08-19T21:19:21","modified_gmt":"2020-08-19T21:19:21","slug":"politica-de-privacidad","status":"publish","type":"page","link":"https:\/\/www.lacandelariaproductos.com\/es\/politica-de-privacidad\/","title":{"rendered":"Pol\u00edtica de privacidad"},"content":{"rendered":"\r\n<p>Qu\u00e9 informaci\u00f3n recopilamos o rastreamos<br \/><br \/>La informaci\u00f3n sobre el uso general y cualquier dato personal opcional que nos proporcione se utilizar\u00e1 para brindarle funciones mejoradas. Los siguientes son detalles de la informaci\u00f3n que recopilamos:<\/p>\r\n<table width=\"95%\">\r\n<tbody>\r\n<tr>\r\n<td width=\"1%\">\r\n<p>\u2022<\/p>\r\n<\/td>\r\n<td width=\"99%\">\r\n<p>La Candelaria Products recopila datos para que podamos mostrar contenido personalizado a nuestros visitantes. Adem\u00e1s, la informaci\u00f3n de uso se puede analizar para que podamos juzgar el rendimiento de nuestro sistema o ejecutar sus funciones personalizadas.\u00a0<\/p>\r\n<\/td>\r\n<\/tr>\r\n<tr>\r\n<td>\r\n<p>\u2022<\/p>\r\n<\/td>\r\n<td>\r\n<p>Podemos recopilar informaci\u00f3n de clientes y visitantes de nuestro sitio web. Esta informaci\u00f3n nos permite procesar pedidos de clientes mediante la recopilaci\u00f3n de su nombre, apellido, correo electr\u00f3nico, contrase\u00f1a, n\u00famero de tarjeta de cr\u00e9dito, fecha de vencimiento, direcci\u00f3n de facturaci\u00f3n y direcci\u00f3n de env\u00edo. Tambi\u00e9n se recopila otra informaci\u00f3n como la fecha, la hora y la direcci\u00f3n IP.<\/p>\r\n<\/td>\r\n<\/tr>\r\n<tr>\r\n<td>\r\n<p>\u2022<\/p>\r\n<\/td>\r\n<td>\r\n<p>Su navegador ofrece las llamadas \u00abcookies\u00bb que, si permite su uso, almacenan peque\u00f1as cantidades de datos en su computadora sobre su visita a cualquiera de nuestros sitios. Las cookies nos ayudan a rastrear cu\u00e1l de nuestras funciones le gusta m\u00e1s. Las cookies pueden permitirnos personalizar nuestro contenido de acuerdo con sus preferencias. Sin embargo, las cookies no nos dicen nada sobre usted personalmente, a menos que nos brinde espec\u00edficamente la informaci\u00f3n adicional solicitada.<\/p>\r\n<\/td>\r\n<\/tr>\r\n<\/tbody>\r\n<\/table>\r\n<p>Qu\u00e9 hacemos con la informaci\u00f3n recopilada<\/p>\r\n<table width=\"95%\">\r\n<tbody>\r\n<tr>\r\n<td width=\"1%\">\r\n<p>\u2022<\/p>\r\n<\/td>\r\n<td width=\"99%\">\r\n<p>Los Productos La Candelaria pueden enviar un bolet\u00edn a nuestros Usuarios. Si desea dejar de recibir los boletines, puede darse de baja eliminando su cuenta.\u00a0<\/p>\r\n<\/td>\r\n<\/tr>\r\n<\/tbody>\r\n<\/table>\r\n<p>Nuestra divulgaci\u00f3n de su informaci\u00f3n<\/p>\r\n<table width=\"95%\">\r\n<tbody>\r\n<tr>\r\n<td width=\"1%\">\r\n<p>\u2022<\/p>\r\n<\/td>\r\n<td width=\"99%\">\r\n<p>La Candelaria Products no vende ni pone a disposici\u00f3n comercialmente informaci\u00f3n espec\u00edfica sobre sus Usuarios o Usuarios que no sea en forma agregada, excepto en cooperaci\u00f3n con los cuerpos policiales con respecto a violaciones de contenido o violaciones de las leyes aplicables.\u00a0<\/p>\r\n<\/td>\r\n<\/tr>\r\n<\/tbody>\r\n<\/table>\r\n<p>Nuestras Medidas de Seguridad<\/p>\r\n<table width=\"95%\">\r\n<tbody>\r\n<tr>\r\n<td width=\"1%\">\r\n<p>\u2022<\/p>\r\n<\/td>\r\n<td width=\"99%\">\r\n<p>Los productos La Candelaria utilizan Secure Socket Layer (SSL) para cifrar la informaci\u00f3n de pago y los datos del usuario contra el acceso no autorizado. Sin embargo, no podemos ser responsables de c\u00f3mo los terceros, cuyos enlaces aparecen en nuestro sitio, utilizan su informaci\u00f3n. Debe saber que ninguna transmisi\u00f3n de datos est\u00e1 garantizada al cien por cien contra la ca\u00edda del agua. Debido a que, en \u00faltima instancia, su sitio est\u00e1 protegido por usted y su contrase\u00f1a, gran parte de la seguridad de su informaci\u00f3n depende de usted.\u00a0<\/p>\r\n<\/td>\r\n<\/tr>\r\n<tr>\r\n<td>\r\n<p>\u2022<\/p>\r\n<\/td>\r\n<td>\r\n<p>La Candelaria Products ha implementado precauciones adicionales para garantizar la privacidad de su informaci\u00f3n personal. Tenemos un firewall estricto que no permite ning\u00fan acceso externo. El acceso en la empresa est\u00e1 limitado solo a las personas que necesitan poder ver los datos del cliente para realizar sus funciones laborales, como el departamento de facturaci\u00f3n. Los datos personales importantes est\u00e1n respaldados en la red para ayudar a asegurar su integridad.<\/p>\r\n<\/td>\r\n<\/tr>\r\n<\/tbody>\r\n<\/table>\r\n<p>Tus opciones<\/p>\r\n<table width=\"95%\">\r\n<tbody>\r\n<tr>\r\n<td width=\"1%\">\r\n<p>\u2022<\/p>\r\n<\/td>\r\n<td width=\"99%\">\r\n<p>Puede optar por no recibir ofertas y descuentos especiales simplemente por no registrarse para recibir ofertas y promociones especiales cuando se registre. Si se registr\u00f3 para recibir ofertas especiales y ahora desea cancelar la suscripci\u00f3n, puede hacerlo en cualquier momento respondiendo al enlace para cancelar la suscripci\u00f3n que se incluye en esos correos.<\/p>\r\n<\/td>\r\n<\/tr>\r\n<\/tbody>\r\n<\/table>\r\n","protected":false},"excerpt":{"rendered":"<p>Qu\u00e9 informaci\u00f3n recopilamos o rastreamos La informaci\u00f3n sobre el uso general y cualquier dato personal opcional que nos proporcione se<\/p>\n","protected":false},"author":1,"featured_media":0,"parent":0,"menu_order":0,"comment_status":"closed","ping_status":"closed","template":"","meta":{"_mi_skip_tracking":false,"_monsterinsights_sitenote_active":false,"_monsterinsights_sitenote_note":"","_monsterinsights_sitenote_category":0,"footnotes":""},"_links":{"self":[{"href":"https:\/\/www.lacandelariaproductos.com\/es\/wp-json\/wp\/v2\/pages\/1555"}],"collection":[{"href":"https:\/\/www.lacandelariaproductos.com\/es\/wp-json\/wp\/v2\/pages"}],"about":[{"href":"https:\/\/www.lacandelariaproductos.com\/es\/wp-json\/wp\/v2\/types\/page"}],"author":[{"embeddable":true,"href":"https:\/\/www.lacandelariaproductos.com\/es\/wp-json\/wp\/v2\/users\/1"}],"replies":[{"embeddable":true,"href":"https:\/\/www.lacandelariaproductos.com\/es\/wp-json\/wp\/v2\/comments?post=1555"}],"version-history":[{"count":4,"href":"https:\/\/www.lacandelariaproductos.com\/es\/wp-json\/wp\/v2\/pages\/1555\/revisions"}],"predecessor-version":[{"id":1584,"href":"https:\/\/www.lacandelariaproductos.com\/es\/wp-json\/wp\/v2\/pages\/1555\/revisions\/1584"}],"wp:attachment":[{"href":"https:\/\/www.lacandelariaproductos.com\/es\/wp-json\/wp\/v2\/media?parent=1555"}],"curies":[{"name":"wp","href":"https:\/\/api.w.org\/{rel}","templated":true}]}}